{"id":15,"date":"2020-08-28T09:38:29","date_gmt":"2020-08-28T07:38:29","guid":{"rendered":"http:\/\/www.saintemadeleine.fr\/?page_id=15"},"modified":"2020-09-11T11:57:52","modified_gmt":"2020-09-11T09:57:52","slug":"accueil","status":"publish","type":"page","link":"http:\/\/www.saintemadeleine.fr\/?page_id=15","title":{"rendered":"Accueil"},"content":{"rendered":"\n<h2 class=\"has-text-align-center wp-block-heading\">Bienvenue \u00e0 l&rsquo;\u00e9cole Sainte Madeleine<\/h2>\n\n\n\n<p class=\"has-text-align-center\">Vous pourrez trouver dans ce site internet de nombreuses informations concernant le vie de notre \u00e9cole. <\/p>\n\n\n\n<p class=\"has-text-align-center\">Des documents \u00e0 t\u00e9l\u00e9charger comme les fiches de cantine ou les listes\n de fournitures aux informations sur les activit\u00e9s des enfants (sorties,\n \u00e9v\u00e9nements dans l\u2019\u00e9cole) nous essayons de vous apporter toutes les \n\u00e9l\u00e9ments qui vous permettront de garder le lien avec nos projets.<\/p>\n\n\n\n<p class=\"has-text-align-center\">Dans ce site vous trouverez aussi la pr\u00e9sentation des diff\u00e9rents \npartenaires associatifs (Ogec, Apel, Amicale), notre projet pastoral car\n notre enseignement est port\u00e9 par la foi chr\u00e9tienne et notre projet \n\u00e9ducatif pour permettre \u00e0 chaque enfant d\u2019apprendre, de grandir et de \nprogresser \u00e0 son rythme et dans le respect de chacun.<\/p>\n\n\n\n<figure class=\"wp-block-gallery columns-3 is-cropped wp-block-gallery-1 is-layout-flex wp-block-gallery-is-layout-flex\"><ul class=\"blocks-gallery-grid\"><li class=\"blocks-gallery-item\"><figure><img loading=\"lazy\" decoding=\"async\" width=\"1024\" height=\"768\" src=\"http:\/\/www.saintemadeleine.fr\/wp-content\/uploads\/2020\/08\/banderole-1024x768.jpg\" alt=\"\" data-id=\"51\" data-link=\"http:\/\/www.saintemadeleine.fr\/?attachment_id=51\" class=\"wp-image-51\" srcset=\"http:\/\/www.saintemadeleine.fr\/wp-content\/uploads\/2020\/08\/banderole-1024x768.jpg 1024w, http:\/\/www.saintemadeleine.fr\/wp-content\/uploads\/2020\/08\/banderole-300x225.jpg 300w, http:\/\/www.saintemadeleine.fr\/wp-content\/uploads\/2020\/08\/banderole-768x576.jpg 768w\" sizes=\"(max-width: 1024px) 100vw, 1024px\" \/><\/figure><\/li><li class=\"blocks-gallery-item\"><figure><img loading=\"lazy\" decoding=\"async\" width=\"1024\" height=\"768\" src=\"http:\/\/www.saintemadeleine.fr\/wp-content\/uploads\/2020\/08\/Batiment-primaire-1024x768.jpg\" alt=\"\" data-id=\"52\" data-link=\"http:\/\/www.saintemadeleine.fr\/?attachment_id=52\" class=\"wp-image-52\" srcset=\"http:\/\/www.saintemadeleine.fr\/wp-content\/uploads\/2020\/08\/Batiment-primaire-1024x768.jpg 1024w, http:\/\/www.saintemadeleine.fr\/wp-content\/uploads\/2020\/08\/Batiment-primaire-300x225.jpg 300w, http:\/\/www.saintemadeleine.fr\/wp-content\/uploads\/2020\/08\/Batiment-primaire-768x576.jpg 768w, http:\/\/www.saintemadeleine.fr\/wp-content\/uploads\/2020\/08\/Batiment-primaire.jpg 1600w\" sizes=\"(max-width: 1024px) 100vw, 1024px\" \/><\/figure><\/li><li class=\"blocks-gallery-item\"><figure><img loading=\"lazy\" decoding=\"async\" width=\"1024\" height=\"682\" src=\"http:\/\/www.saintemadeleine.fr\/wp-content\/uploads\/2020\/08\/DSC_0154-1-1024x682.jpg\" alt=\"\" data-id=\"59\" data-link=\"http:\/\/www.saintemadeleine.fr\/?attachment_id=59\" class=\"wp-image-59\" srcset=\"http:\/\/www.saintemadeleine.fr\/wp-content\/uploads\/2020\/08\/DSC_0154-1.jpg 1024w, http:\/\/www.saintemadeleine.fr\/wp-content\/uploads\/2020\/08\/DSC_0154-1-300x200.jpg 300w, http:\/\/www.saintemadeleine.fr\/wp-content\/uploads\/2020\/08\/DSC_0154-1-768x512.jpg 768w\" sizes=\"(max-width: 1024px) 100vw, 1024px\" \/><\/figure><\/li><li class=\"blocks-gallery-item\"><figure><img loading=\"lazy\" decoding=\"async\" width=\"1024\" height=\"682\" src=\"http:\/\/www.saintemadeleine.fr\/wp-content\/uploads\/2020\/08\/DSC_0156-1024x682.jpg\" alt=\"\" data-id=\"61\" data-link=\"http:\/\/www.saintemadeleine.fr\/?attachment_id=61\" class=\"wp-image-61\" srcset=\"http:\/\/www.saintemadeleine.fr\/wp-content\/uploads\/2020\/08\/DSC_0156.jpg 1024w, http:\/\/www.saintemadeleine.fr\/wp-content\/uploads\/2020\/08\/DSC_0156-300x200.jpg 300w, http:\/\/www.saintemadeleine.fr\/wp-content\/uploads\/2020\/08\/DSC_0156-768x512.jpg 768w\" sizes=\"(max-width: 1024px) 100vw, 1024px\" \/><\/figure><\/li><li class=\"blocks-gallery-item\"><figure><img loading=\"lazy\" decoding=\"async\" width=\"1024\" height=\"682\" src=\"http:\/\/www.saintemadeleine.fr\/wp-content\/uploads\/2020\/08\/DSC_0159-1024x682.jpg\" alt=\"\" data-id=\"64\" data-link=\"http:\/\/www.saintemadeleine.fr\/?attachment_id=64\" class=\"wp-image-64\" srcset=\"http:\/\/www.saintemadeleine.fr\/wp-content\/uploads\/2020\/08\/DSC_0159.jpg 1024w, http:\/\/www.saintemadeleine.fr\/wp-content\/uploads\/2020\/08\/DSC_0159-300x200.jpg 300w, http:\/\/www.saintemadeleine.fr\/wp-content\/uploads\/2020\/08\/DSC_0159-768x512.jpg 768w\" sizes=\"(max-width: 1024px) 100vw, 1024px\" \/><\/figure><\/li><li class=\"blocks-gallery-item\"><figure><img loading=\"lazy\" decoding=\"async\" width=\"1024\" height=\"682\" src=\"http:\/\/www.saintemadeleine.fr\/wp-content\/uploads\/2020\/08\/DSC_0163-1024x682.jpg\" alt=\"\" data-id=\"68\" data-link=\"http:\/\/www.saintemadeleine.fr\/?attachment_id=68\" class=\"wp-image-68\" srcset=\"http:\/\/www.saintemadeleine.fr\/wp-content\/uploads\/2020\/08\/DSC_0163.jpg 1024w, http:\/\/www.saintemadeleine.fr\/wp-content\/uploads\/2020\/08\/DSC_0163-300x200.jpg 300w, http:\/\/www.saintemadeleine.fr\/wp-content\/uploads\/2020\/08\/DSC_0163-768x512.jpg 768w\" sizes=\"(max-width: 1024px) 100vw, 1024px\" \/><\/figure><\/li><li class=\"blocks-gallery-item\"><figure><img loading=\"lazy\" decoding=\"async\" width=\"1024\" height=\"682\" src=\"http:\/\/www.saintemadeleine.fr\/wp-content\/uploads\/2020\/08\/DSC_0164-1024x682.jpg\" alt=\"\" data-id=\"69\" data-link=\"http:\/\/www.saintemadeleine.fr\/?attachment_id=69\" class=\"wp-image-69\" srcset=\"http:\/\/www.saintemadeleine.fr\/wp-content\/uploads\/2020\/08\/DSC_0164.jpg 1024w, http:\/\/www.saintemadeleine.fr\/wp-content\/uploads\/2020\/08\/DSC_0164-300x200.jpg 300w, http:\/\/www.saintemadeleine.fr\/wp-content\/uploads\/2020\/08\/DSC_0164-768x512.jpg 768w\" sizes=\"(max-width: 1024px) 100vw, 1024px\" \/><\/figure><\/li><li class=\"blocks-gallery-item\"><figure><img loading=\"lazy\" decoding=\"async\" width=\"1024\" height=\"682\" src=\"http:\/\/www.saintemadeleine.fr\/wp-content\/uploads\/2020\/08\/DSC_0166-1024x682.jpg\" alt=\"\" data-id=\"71\" data-link=\"http:\/\/www.saintemadeleine.fr\/?attachment_id=71\" class=\"wp-image-71\" srcset=\"http:\/\/www.saintemadeleine.fr\/wp-content\/uploads\/2020\/08\/DSC_0166.jpg 1024w, http:\/\/www.saintemadeleine.fr\/wp-content\/uploads\/2020\/08\/DSC_0166-300x200.jpg 300w, http:\/\/www.saintemadeleine.fr\/wp-content\/uploads\/2020\/08\/DSC_0166-768x512.jpg 768w\" sizes=\"(max-width: 1024px) 100vw, 1024px\" \/><\/figure><\/li><li class=\"blocks-gallery-item\"><figure><img loading=\"lazy\" decoding=\"async\" width=\"1024\" height=\"682\" src=\"http:\/\/www.saintemadeleine.fr\/wp-content\/uploads\/2020\/08\/DSC_0169-1024x682.jpg\" alt=\"\" data-id=\"74\" data-link=\"http:\/\/www.saintemadeleine.fr\/?attachment_id=74\" class=\"wp-image-74\" srcset=\"http:\/\/www.saintemadeleine.fr\/wp-content\/uploads\/2020\/08\/DSC_0169.jpg 1024w, http:\/\/www.saintemadeleine.fr\/wp-content\/uploads\/2020\/08\/DSC_0169-300x200.jpg 300w, http:\/\/www.saintemadeleine.fr\/wp-content\/uploads\/2020\/08\/DSC_0169-768x512.jpg 768w\" sizes=\"(max-width: 1024px) 100vw, 1024px\" \/><\/figure><\/li><li class=\"blocks-gallery-item\"><figure><img loading=\"lazy\" decoding=\"async\" width=\"1024\" height=\"682\" src=\"http:\/\/www.saintemadeleine.fr\/wp-content\/uploads\/2020\/08\/DSC_0170-1024x682.jpg\" alt=\"\" data-id=\"75\" data-link=\"http:\/\/www.saintemadeleine.fr\/?attachment_id=75\" class=\"wp-image-75\" srcset=\"http:\/\/www.saintemadeleine.fr\/wp-content\/uploads\/2020\/08\/DSC_0170.jpg 1024w, http:\/\/www.saintemadeleine.fr\/wp-content\/uploads\/2020\/08\/DSC_0170-300x200.jpg 300w, http:\/\/www.saintemadeleine.fr\/wp-content\/uploads\/2020\/08\/DSC_0170-768x512.jpg 768w\" sizes=\"(max-width: 1024px) 100vw, 1024px\" \/><\/figure><\/li><li class=\"blocks-gallery-item\"><figure><img loading=\"lazy\" decoding=\"async\" width=\"1024\" height=\"768\" src=\"http:\/\/www.saintemadeleine.fr\/wp-content\/uploads\/2020\/08\/ecole-2-1024x768.jpg\" alt=\"\" data-id=\"77\" data-link=\"http:\/\/www.saintemadeleine.fr\/?attachment_id=77\" class=\"wp-image-77\" srcset=\"http:\/\/www.saintemadeleine.fr\/wp-content\/uploads\/2020\/08\/ecole-2-1024x768.jpg 1024w, http:\/\/www.saintemadeleine.fr\/wp-content\/uploads\/2020\/08\/ecole-2-300x225.jpg 300w, http:\/\/www.saintemadeleine.fr\/wp-content\/uploads\/2020\/08\/ecole-2-768x576.jpg 768w, http:\/\/www.saintemadeleine.fr\/wp-content\/uploads\/2020\/08\/ecole-2.jpg 1778w\" sizes=\"(max-width: 1024px) 100vw, 1024px\" \/><\/figure><\/li><li class=\"blocks-gallery-item\"><figure><img loading=\"lazy\" decoding=\"async\" width=\"1024\" height=\"768\" src=\"http:\/\/www.saintemadeleine.fr\/wp-content\/uploads\/2020\/08\/IMG_5842-1024x768.jpg\" alt=\"\" data-id=\"81\" data-link=\"http:\/\/www.saintemadeleine.fr\/?attachment_id=81\" class=\"wp-image-81\" srcset=\"http:\/\/www.saintemadeleine.fr\/wp-content\/uploads\/2020\/08\/IMG_5842-1024x768.jpg 1024w, http:\/\/www.saintemadeleine.fr\/wp-content\/uploads\/2020\/08\/IMG_5842-300x225.jpg 300w, http:\/\/www.saintemadeleine.fr\/wp-content\/uploads\/2020\/08\/IMG_5842-768x576.jpg 768w\" sizes=\"(max-width: 1024px) 100vw, 1024px\" \/><\/figure><\/li><li class=\"blocks-gallery-item\"><figure><img loading=\"lazy\" decoding=\"async\" width=\"1024\" height=\"768\" src=\"http:\/\/www.saintemadeleine.fr\/wp-content\/uploads\/2020\/08\/IMG_7511-1024x768.jpg\" alt=\"\" data-id=\"83\" data-link=\"http:\/\/www.saintemadeleine.fr\/?attachment_id=83\" class=\"wp-image-83\" srcset=\"http:\/\/www.saintemadeleine.fr\/wp-content\/uploads\/2020\/08\/IMG_7511-1024x768.jpg 1024w, http:\/\/www.saintemadeleine.fr\/wp-content\/uploads\/2020\/08\/IMG_7511-300x225.jpg 300w, http:\/\/www.saintemadeleine.fr\/wp-content\/uploads\/2020\/08\/IMG_7511-768x576.jpg 768w\" sizes=\"(max-width: 1024px) 100vw, 1024px\" \/><\/figure><\/li><li class=\"blocks-gallery-item\"><figure><img loading=\"lazy\" decoding=\"async\" width=\"768\" height=\"1024\" src=\"http:\/\/www.saintemadeleine.fr\/wp-content\/uploads\/2020\/08\/photo-pneu-maternelle-768x1024.jpg\" alt=\"\" data-id=\"86\" data-link=\"http:\/\/www.saintemadeleine.fr\/?attachment_id=86\" class=\"wp-image-86\" srcset=\"http:\/\/www.saintemadeleine.fr\/wp-content\/uploads\/2020\/08\/photo-pneu-maternelle-768x1024.jpg 768w, http:\/\/www.saintemadeleine.fr\/wp-content\/uploads\/2020\/08\/photo-pneu-maternelle-225x300.jpg 225w\" sizes=\"(max-width: 768px) 100vw, 768px\" \/><\/figure><\/li><li class=\"blocks-gallery-item\"><figure><img loading=\"lazy\" decoding=\"async\" width=\"1024\" height=\"768\" src=\"http:\/\/www.saintemadeleine.fr\/wp-content\/uploads\/2020\/08\/salle-motricit\u00e9-ps-1024x768.jpg\" alt=\"\" data-id=\"89\" data-link=\"http:\/\/www.saintemadeleine.fr\/?attachment_id=89\" class=\"wp-image-89\" srcset=\"http:\/\/www.saintemadeleine.fr\/wp-content\/uploads\/2020\/08\/salle-motricit\u00e9-ps-1024x768.jpg 1024w, http:\/\/www.saintemadeleine.fr\/wp-content\/uploads\/2020\/08\/salle-motricit\u00e9-ps-300x225.jpg 300w, http:\/\/www.saintemadeleine.fr\/wp-content\/uploads\/2020\/08\/salle-motricit\u00e9-ps-768x576.jpg 768w\" sizes=\"(max-width: 1024px) 100vw, 1024px\" \/><\/figure><\/li><\/ul><\/figure>\n\n\n\n<blockquote class=\"wp-block-quote is-layout-flow wp-block-quote-is-layout-flow\"><p><strong>L\u2019\u00e9ducation est plus qu\u2019un m\u00e9tier, c\u2019est une mission, qui consiste \u00e0 aider chaque personne \u00e0 reconna\u00eetre ce qu\u2019elle a d\u2019irrempla\u00e7able et d\u2019unique, afin qu\u2019elle grandisse et s\u2019\u00e9panouisse.<\/strong> Jean-Paul II<\/p><\/blockquote>\n","protected":false},"excerpt":{"rendered":"<p>Bienvenue \u00e0 l&rsquo;\u00e9cole Sainte Madeleine Vous pourrez trouver dans ce site internet de nombreuses informations concernant le vie de notre &hellip; <\/p>\n","protected":false},"author":2,"featured_media":0,"parent":0,"menu_order":0,"comment_status":"closed","ping_status":"closed","template":"","meta":{"footnotes":""},"post_mailing_queue_ids":[],"_links":{"self":[{"href":"http:\/\/www.saintemadeleine.fr\/index.php?rest_route=\/wp\/v2\/pages\/15"}],"collection":[{"href":"http:\/\/www.saintemadeleine.fr\/index.php?rest_route=\/wp\/v2\/pages"}],"about":[{"href":"http:\/\/www.saintemadeleine.fr\/index.php?rest_route=\/wp\/v2\/types\/page"}],"author":[{"embeddable":true,"href":"http:\/\/www.saintemadeleine.fr\/index.php?rest_route=\/wp\/v2\/users\/2"}],"replies":[{"embeddable":true,"href":"http:\/\/www.saintemadeleine.fr\/index.php?rest_route=%2Fwp%2Fv2%2Fcomments&post=15"}],"version-history":[{"count":4,"href":"http:\/\/www.saintemadeleine.fr\/index.php?rest_route=\/wp\/v2\/pages\/15\/revisions"}],"predecessor-version":[{"id":152,"href":"http:\/\/www.saintemadeleine.fr\/index.php?rest_route=\/wp\/v2\/pages\/15\/revisions\/152"}],"wp:attachment":[{"href":"http:\/\/www.saintemadeleine.fr\/index.php?rest_route=%2Fwp%2Fv2%2Fmedia&parent=15"}],"curies":[{"name":"wp","href":"https:\/\/api.w.org\/{rel}","templated":true}]}}